{"id":8037,"date":"2022-11-16T11:20:37","date_gmt":"2022-11-16T11:20:37","guid":{"rendered":"https:\/\/www.headstalent.com\/jobs\/"},"modified":"2024-12-26T11:19:40","modified_gmt":"2024-12-26T11:19:40","slug":"poslovi-u-srbiji","status":"publish","type":"page","link":"https:\/\/www.headstalent.com\/sr\/poslovi-u-srbiji\/","title":{"rendered":"For Applicants"},"content":{"rendered":"[vc_row type=&#8220;full_width_background&#8220; full_screen_row_position=&#8220;middle&#8220; column_margin=&#8220;default&#8220; equal_height=&#8220;yes&#8220; content_placement=&#8220;middle&#8220; column_direction=&#8220;default&#8220; column_direction_tablet=&#8220;default&#8220; column_direction_phone=&#8220;default&#8220; bg_color=&#8220;#7bb8ff&#8220; scene_position=&#8220;center&#8220; top_padding=&#8220;40&#8243; bottom_padding=&#8220;40&#8243; text_color=&#8220;dark&#8220; text_align=&#8220;left&#8220; row_border_radius=&#8220;none&#8220; row_border_radius_applies=&#8220;bg&#8220; overflow=&#8220;visible&#8220; disable_element=&#8220;yes&#8220; overlay_strength=&#8220;0.3&#8243; gradient_direction=&#8220;left_to_right&#8220; shape_divider_position=&#8220;bottom&#8220; bg_image_animation=&#8220;none&#8220; gradient_type=&#8220;default&#8220; shape_type=&#8220;&#8220;][vc_column column_padding=&#8220;no-extra-padding&#8220; column_padding_tablet=&#8220;inherit&#8220; column_padding_phone=&#8220;inherit&#8220; column_padding_position=&#8220;all&#8220; column_element_direction_desktop=&#8220;default&#8220; column_element_spacing=&#8220;default&#8220; desktop_text_alignment=&#8220;default&#8220; tablet_text_alignment=&#8220;center&#8220; phone_text_alignment=&#8220;center&#8220; background_color_opacity=&#8220;1&#8243; background_hover_color_opacity=&#8220;1&#8243; column_backdrop_filter=&#8220;none&#8220; column_shadow=&#8220;none&#8220; column_border_radius=&#8220;none&#8220; column_link_target=&#8220;_self&#8220; column_position=&#8220;default&#8220; gradient_direction=&#8220;left_to_right&#8220; overlay_strength=&#8220;0.3&#8243; width=&#8220;5\/12&#8243; tablet_width_inherit=&#8220;default&#8220; animation_type=&#8220;default&#8220; bg_image_animation=&#8220;none&#8220; border_type=&#8220;simple&#8220; column_border_width=&#8220;none&#8220; column_border_style=&#8220;solid&#8220;][vc_custom_heading text=&#8220;Get a weekly newsletter of all new jobs&#8220; font_container=&#8220;tag:h4|font_size:23px|text_align:left|color:%23ffffff|line_height:65px&#8220; use_theme_fonts=&#8220;yes&#8220; el_class=&#8220;newsletterText&#8220;][\/vc_column][vc_column column_padding=&#8220;no-extra-padding&#8220; column_padding_tablet=&#8220;inherit&#8220; column_padding_phone=&#8220;inherit&#8220; column_padding_position=&#8220;all&#8220; column_element_direction_desktop=&#8220;default&#8220; column_element_spacing=&#8220;default&#8220; desktop_text_alignment=&#8220;default&#8220; tablet_text_alignment=&#8220;center&#8220; phone_text_alignment=&#8220;center&#8220; background_color_opacity=&#8220;1&#8243; background_hover_color_opacity=&#8220;1&#8243; column_backdrop_filter=&#8220;none&#8220; column_shadow=&#8220;none&#8220; column_border_radius=&#8220;none&#8220; column_link_target=&#8220;_self&#8220; column_position=&#8220;default&#8220; gradient_direction=&#8220;left_to_right&#8220; overlay_strength=&#8220;0.3&#8243; width=&#8220;7\/12&#8243; tablet_width_inherit=&#8220;default&#8220; animation_type=&#8220;default&#8220; bg_image_animation=&#8220;none&#8220; border_type=&#8220;simple&#8220; column_border_width=&#8220;none&#8220; column_border_style=&#8220;solid&#8220;][vc_row_inner column_margin=&#8220;default&#8220; column_direction=&#8220;default&#8220; column_direction_tablet=&#8220;default&#8220; column_direction_phone=&#8220;default&#8220; text_align=&#8220;right&#8220; row_position=&#8220;default&#8220; row_position_tablet=&#8220;inherit&#8220; row_position_phone=&#8220;inherit&#8220; overflow=&#8220;visible&#8220; pointer_events=&#8220;all&#8220; css=&#8220;.vc_custom_1668628134486{margin-top: 30px !important;}&#8220;][vc_column_inner column_padding=&#8220;no-extra-padding&#8220; column_padding_tablet=&#8220;inherit&#8220; column_padding_phone=&#8220;inherit&#8220; column_padding_position=&#8220;all&#8220; column_element_direction_desktop=&#8220;default&#8220; column_element_spacing=&#8220;default&#8220; desktop_text_alignment=&#8220;default&#8220; tablet_text_alignment=&#8220;default&#8220; phone_text_alignment=&#8220;default&#8220; background_color_opacity=&#8220;1&#8243; background_hover_color_opacity=&#8220;1&#8243; column_backdrop_filter=&#8220;none&#8220; column_shadow=&#8220;none&#8220; column_border_radius=&#8220;none&#8220; column_link_target=&#8220;_self&#8220; overflow=&#8220;visible&#8220; gradient_direction=&#8220;left_to_right&#8220; overlay_strength=&#8220;0.3&#8243; width=&#8220;1\/1&#8243; tablet_width_inherit=&#8220;default&#8220; animation_type=&#8220;default&#8220; bg_image_animation=&#8220;none&#8220; border_type=&#8220;simple&#8220; column_border_width=&#8220;none&#8220; column_border_style=&#8220;solid&#8220;][vc_column_text]<div class=\"forminator-ui forminator-custom-form forminator-custom-form-6313 forminator-design--default  forminator_ajax\" data-forminator-render=\"0\" data-form=\"forminator-module-6313\" data-uid=\"69e1b89e7e0d2\"><br\/><\/div><form\n\t\t\t\tid=\"forminator-module-6313\"\n\t\t\t\tclass=\"forminator-ui forminator-custom-form forminator-custom-form-6313 forminator-design--default  forminator_ajax\"\n\t\t\t\tmethod=\"post\"\n\t\t\t\tdata-forminator-render=\"0\"\n\t\t\t\tdata-form-id=\"6313\"\n\t\t\t\t data-color-option=\"default\" data-design=\"default\" data-grid=\"open\" style=\"display: none;\"\n\t\t\t\tdata-uid=\"69e1b89e7e0d2\"\n\t\t\t><div role=\"alert\" aria-live=\"polite\" class=\"forminator-response-message forminator-error\" aria-hidden=\"true\"><\/div><div class=\"forminator-row\"><div id=\"name-1\" class=\"forminator-field-name forminator-col forminator-col-6  NewsletterName\"><div class=\"forminator-field\"><label for=\"forminator-field-name-1_69e1b89e7e0d2\" id=\"forminator-field-name-1_69e1b89e7e0d2-label\" class=\"forminator-label\">Name <span class=\"forminator-required\">*<\/span><\/label><input type=\"text\" name=\"name-1\" value=\"\" placeholder=\"Name\" id=\"forminator-field-name-1_69e1b89e7e0d2\" class=\"forminator-input forminator-name--field\" aria-required=\"true\" autocomplete=\"name\" \/><\/div><\/div><div id=\"email-1\" class=\"forminator-field-email forminator-col forminator-col-6 \"><div class=\"forminator-field\"><label for=\"forminator-field-email-1_69e1b89e7e0d2\" id=\"forminator-field-email-1_69e1b89e7e0d2-label\" class=\"forminator-label\">Email <span class=\"forminator-required\">*<\/span><\/label><input type=\"email\" name=\"email-1\" value=\"\" placeholder=\"Email\" id=\"forminator-field-email-1_69e1b89e7e0d2\" class=\"forminator-input forminator-email--field\" data-required=\"true\" aria-required=\"true\" autocomplete=\"email\" \/><\/div><\/div><\/div><input type=\"hidden\" name=\"referer_url\" value=\"\" \/><div class=\"forminator-row forminator-row-last\"><div class=\"forminator-col\"><div class=\"forminator-field\"><button class=\"forminator-button forminator-button-submit subbutton\">Subscribe<\/button><\/div><\/div><\/div><input type=\"hidden\" id=\"forminator_nonce\" name=\"forminator_nonce\" value=\"8c355aa65e\" \/><input type=\"hidden\" name=\"_wp_http_referer\" value=\"\/sr\/wp-json\/wp\/v2\/pages\/8037\" \/><input type=\"hidden\" name=\"form_id\" value=\"6313\"><input type=\"hidden\" name=\"page_id\" value=\"8037\"><input type=\"hidden\" name=\"form_type\" value=\"default\"><input type=\"hidden\" name=\"current_url\" value=\"https:\/\/www.headstalent.com\/sr\/poslovi-u-srbiji\/\"><input type=\"hidden\" name=\"render_id\" value=\"0\"><input type=\"hidden\" name=\"action\" value=\"forminator_submit_form_custom-forms\"><\/form>[\/vc_column_text][\/vc_column_inner][\/vc_row_inner][\/vc_column][\/vc_row]\n","protected":false},"excerpt":{"rendered":"<p>[vc_row type=&#8220;full_width_background&#8220; full_screen_row_position=&#8220;middle&#8220; column_margin=&#8220;default&#8220; equal_height=&#8220;yes&#8220; content_placement=&#8220;middle&#8220; column_direction=&#8220;default&#8220; column_direction_tablet=&#8220;default&#8220; column_direction_phone=&#8220;default&#8220; bg_color=&#8220;#7bb8ff&#8220; scene_position=&#8220;center&#8220; top_padding=&#8220;40&#8243; bottom_padding=&#8220;40&#8243; text_color=&#8220;dark&#8220; text_align=&#8220;left&#8220; row_border_radius=&#8220;none&#8220; row_border_radius_applies=&#8220;bg&#8220; overflow=&#8220;visible&#8220; disable_element=&#8220;yes&#8220; overlay_strength=&#8220;0.3&#8243; gradient_direction=&#8220;left_to_right&#8220; shape_divider_position=&#8220;bottom&#8220; bg_image_animation=&#8220;none&#8220; gradient_type=&#8220;default&#8220; shape_type=&#8220;&#8220;][vc_column column_padding=&#8220;no-extra-padding&#8220; column_padding_tablet=&#8220;inherit&#8220; column_padding_phone=&#8220;inherit&#8220; column_padding_position=&#8220;all&#8220; column_element_direction_desktop=&#8220;default&#8220;&#8230;<\/p>\n","protected":false},"author":1,"featured_media":7371,"parent":0,"menu_order":0,"comment_status":"closed","ping_status":"open","template":"template-jobs.php","meta":{"slim_seo":{"title":"Poslovi u Srbiji | Prilike za novi korak u va\u0161oj karijeri","description":"Tra\u017eite posao u Srbiji? Prona\u0111ite pozicije koje odgovaraju va\u0161im kvalifikacijama i pru\u017eaju \u0161anse za li\u010dni rast. Napravite slede\u0107i korak i prijavite se!"},"footnotes":""},"class_list":["post-8037","page","type-page","status-publish","has-post-thumbnail"],"yoast_head":"<!-- This site is optimized with the Yoast SEO plugin v26.8 - https:\/\/yoast.com\/product\/yoast-seo-wordpress\/ -->\n<title>For Applicants - Heads - Talent solutions<\/title>\n<meta name=\"robots\" content=\"index, follow, max-snippet:-1, max-image-preview:large, max-video-preview:-1\" \/>\n<link rel=\"canonical\" href=\"https:\/\/www.headstalent.com\/sr\/poslovi-u-srbiji\/\" \/>\n<meta property=\"og:locale\" content=\"sr_RS\" \/>\n<meta property=\"og:type\" content=\"article\" \/>\n<meta property=\"og:title\" content=\"For Applicants - Heads - Talent solutions\" \/>\n<meta property=\"og:description\" content=\"[vc_row type=&#8220;full_width_background&#8220; full_screen_row_position=&#8220;middle&#8220; column_margin=&#8220;default&#8220; equal_height=&#8220;yes&#8220; content_placement=&#8220;middle&#8220; column_direction=&#8220;default&#8220; column_direction_tablet=&#8220;default&#8220; column_direction_phone=&#8220;default&#8220; bg_color=&#8220;#7bb8ff&#8220; scene_position=&#8220;center&#8220; top_padding=&#8220;40&#8243; bottom_padding=&#8220;40&#8243; text_color=&#8220;dark&#8220; text_align=&#8220;left&#8220; row_border_radius=&#8220;none&#8220; row_border_radius_applies=&#8220;bg&#8220; overflow=&#8220;visible&#8220; disable_element=&#8220;yes&#8220; overlay_strength=&#8220;0.3&#8243; gradient_direction=&#8220;left_to_right&#8220; shape_divider_position=&#8220;bottom&#8220; bg_image_animation=&#8220;none&#8220; gradient_type=&#8220;default&#8220; shape_type=&#8220;&#8220;][vc_column column_padding=&#8220;no-extra-padding&#8220; column_padding_tablet=&#8220;inherit&#8220; column_padding_phone=&#8220;inherit&#8220; column_padding_position=&#8220;all&#8220; column_element_direction_desktop=&#8220;default&#8220;...\" \/>\n<meta property=\"og:url\" content=\"https:\/\/www.headstalent.com\/sr\/poslovi-u-srbiji\/\" \/>\n<meta property=\"og:site_name\" content=\"Heads - Talent solutions\" \/>\n<meta property=\"article:modified_time\" content=\"2024-12-26T11:19:40+00:00\" \/>\n<meta property=\"og:image\" content=\"https:\/\/www.headstalent.com\/wp-content\/uploads\/2022\/12\/for-apllicants-bg.jpg\" \/>\n\t<meta property=\"og:image:width\" content=\"1728\" \/>\n\t<meta property=\"og:image:height\" content=\"851\" \/>\n\t<meta property=\"og:image:type\" content=\"image\/jpeg\" \/>\n<meta name=\"twitter:card\" content=\"summary_large_image\" \/>\n<meta name=\"twitter:label1\" content=\"\u041f\u0440\u043e\u0446\u0435\u045a\u0435\u043d\u043e \u0432\u0440\u0435\u043c\u0435 \u0447\u0438\u0442\u0430\u045a\u0430\" \/>\n\t<meta name=\"twitter:data1\" content=\"2 \u043c\u0438\u043d\u0443\u0442\u0430\" \/>\n<script type=\"application\/ld+json\" class=\"yoast-schema-graph\">{\"@context\":\"https:\/\/schema.org\",\"@graph\":[{\"@type\":\"WebPage\",\"@id\":\"https:\/\/www.headstalent.com\/sr\/poslovi-u-srbiji\/\",\"url\":\"https:\/\/www.headstalent.com\/sr\/poslovi-u-srbiji\/\",\"name\":\"For Applicants - Heads - Talent solutions\",\"isPartOf\":{\"@id\":\"https:\/\/www.headstalent.com\/sr\/#website\"},\"primaryImageOfPage\":{\"@id\":\"https:\/\/www.headstalent.com\/sr\/poslovi-u-srbiji\/#primaryimage\"},\"image\":{\"@id\":\"https:\/\/www.headstalent.com\/sr\/poslovi-u-srbiji\/#primaryimage\"},\"thumbnailUrl\":\"https:\/\/www.headstalent.com\/wp-content\/uploads\/2022\/12\/for-apllicants-bg.jpg\",\"datePublished\":\"2022-11-16T11:20:37+00:00\",\"dateModified\":\"2024-12-26T11:19:40+00:00\",\"breadcrumb\":{\"@id\":\"https:\/\/www.headstalent.com\/sr\/poslovi-u-srbiji\/#breadcrumb\"},\"inLanguage\":\"sr-RS\",\"potentialAction\":[{\"@type\":\"ReadAction\",\"target\":[\"https:\/\/www.headstalent.com\/sr\/poslovi-u-srbiji\/\"]}]},{\"@type\":\"ImageObject\",\"inLanguage\":\"sr-RS\",\"@id\":\"https:\/\/www.headstalent.com\/sr\/poslovi-u-srbiji\/#primaryimage\",\"url\":\"https:\/\/www.headstalent.com\/wp-content\/uploads\/2022\/12\/for-apllicants-bg.jpg\",\"contentUrl\":\"https:\/\/www.headstalent.com\/wp-content\/uploads\/2022\/12\/for-apllicants-bg.jpg\",\"width\":1728,\"height\":851},{\"@type\":\"BreadcrumbList\",\"@id\":\"https:\/\/www.headstalent.com\/sr\/poslovi-u-srbiji\/#breadcrumb\",\"itemListElement\":[{\"@type\":\"ListItem\",\"position\":1,\"name\":\"Home\",\"item\":\"https:\/\/www.headstalent.com\/sr\/\"},{\"@type\":\"ListItem\",\"position\":2,\"name\":\"For Applicants\"}]},{\"@type\":\"WebSite\",\"@id\":\"https:\/\/www.headstalent.com\/sr\/#website\",\"url\":\"https:\/\/www.headstalent.com\/sr\/\",\"name\":\"Heads - Talent solutions\",\"description\":\"\",\"potentialAction\":[{\"@type\":\"SearchAction\",\"target\":{\"@type\":\"EntryPoint\",\"urlTemplate\":\"https:\/\/www.headstalent.com\/sr\/?s={search_term_string}\"},\"query-input\":{\"@type\":\"PropertyValueSpecification\",\"valueRequired\":true,\"valueName\":\"search_term_string\"}}],\"inLanguage\":\"sr-RS\"}]}<\/script>\n<!-- \/ Yoast SEO plugin. -->","yoast_head_json":{"title":"For Applicants - Heads - Talent solutions","robots":{"index":"index","follow":"follow","max-snippet":"max-snippet:-1","max-image-preview":"max-image-preview:large","max-video-preview":"max-video-preview:-1"},"canonical":"https:\/\/www.headstalent.com\/sr\/poslovi-u-srbiji\/","og_locale":"sr_RS","og_type":"article","og_title":"For Applicants - Heads - Talent solutions","og_description":"[vc_row type=&#8220;full_width_background&#8220; full_screen_row_position=&#8220;middle&#8220; column_margin=&#8220;default&#8220; equal_height=&#8220;yes&#8220; content_placement=&#8220;middle&#8220; column_direction=&#8220;default&#8220; column_direction_tablet=&#8220;default&#8220; column_direction_phone=&#8220;default&#8220; bg_color=&#8220;#7bb8ff&#8220; scene_position=&#8220;center&#8220; top_padding=&#8220;40&#8243; bottom_padding=&#8220;40&#8243; text_color=&#8220;dark&#8220; text_align=&#8220;left&#8220; row_border_radius=&#8220;none&#8220; row_border_radius_applies=&#8220;bg&#8220; overflow=&#8220;visible&#8220; disable_element=&#8220;yes&#8220; overlay_strength=&#8220;0.3&#8243; gradient_direction=&#8220;left_to_right&#8220; shape_divider_position=&#8220;bottom&#8220; bg_image_animation=&#8220;none&#8220; gradient_type=&#8220;default&#8220; shape_type=&#8220;&#8220;][vc_column column_padding=&#8220;no-extra-padding&#8220; column_padding_tablet=&#8220;inherit&#8220; column_padding_phone=&#8220;inherit&#8220; column_padding_position=&#8220;all&#8220; column_element_direction_desktop=&#8220;default&#8220;...","og_url":"https:\/\/www.headstalent.com\/sr\/poslovi-u-srbiji\/","og_site_name":"Heads - Talent solutions","article_modified_time":"2024-12-26T11:19:40+00:00","og_image":[{"width":1728,"height":851,"url":"https:\/\/www.headstalent.com\/wp-content\/uploads\/2022\/12\/for-apllicants-bg.jpg","type":"image\/jpeg"}],"twitter_card":"summary_large_image","twitter_misc":{"\u041f\u0440\u043e\u0446\u0435\u045a\u0435\u043d\u043e \u0432\u0440\u0435\u043c\u0435 \u0447\u0438\u0442\u0430\u045a\u0430":"2 \u043c\u0438\u043d\u0443\u0442\u0430"},"schema":{"@context":"https:\/\/schema.org","@graph":[{"@type":"WebPage","@id":"https:\/\/www.headstalent.com\/sr\/poslovi-u-srbiji\/","url":"https:\/\/www.headstalent.com\/sr\/poslovi-u-srbiji\/","name":"For Applicants - Heads - Talent solutions","isPartOf":{"@id":"https:\/\/www.headstalent.com\/sr\/#website"},"primaryImageOfPage":{"@id":"https:\/\/www.headstalent.com\/sr\/poslovi-u-srbiji\/#primaryimage"},"image":{"@id":"https:\/\/www.headstalent.com\/sr\/poslovi-u-srbiji\/#primaryimage"},"thumbnailUrl":"https:\/\/www.headstalent.com\/wp-content\/uploads\/2022\/12\/for-apllicants-bg.jpg","datePublished":"2022-11-16T11:20:37+00:00","dateModified":"2024-12-26T11:19:40+00:00","breadcrumb":{"@id":"https:\/\/www.headstalent.com\/sr\/poslovi-u-srbiji\/#breadcrumb"},"inLanguage":"sr-RS","potentialAction":[{"@type":"ReadAction","target":["https:\/\/www.headstalent.com\/sr\/poslovi-u-srbiji\/"]}]},{"@type":"ImageObject","inLanguage":"sr-RS","@id":"https:\/\/www.headstalent.com\/sr\/poslovi-u-srbiji\/#primaryimage","url":"https:\/\/www.headstalent.com\/wp-content\/uploads\/2022\/12\/for-apllicants-bg.jpg","contentUrl":"https:\/\/www.headstalent.com\/wp-content\/uploads\/2022\/12\/for-apllicants-bg.jpg","width":1728,"height":851},{"@type":"BreadcrumbList","@id":"https:\/\/www.headstalent.com\/sr\/poslovi-u-srbiji\/#breadcrumb","itemListElement":[{"@type":"ListItem","position":1,"name":"Home","item":"https:\/\/www.headstalent.com\/sr\/"},{"@type":"ListItem","position":2,"name":"For Applicants"}]},{"@type":"WebSite","@id":"https:\/\/www.headstalent.com\/sr\/#website","url":"https:\/\/www.headstalent.com\/sr\/","name":"Heads - Talent solutions","description":"","potentialAction":[{"@type":"SearchAction","target":{"@type":"EntryPoint","urlTemplate":"https:\/\/www.headstalent.com\/sr\/?s={search_term_string}"},"query-input":{"@type":"PropertyValueSpecification","valueRequired":true,"valueName":"search_term_string"}}],"inLanguage":"sr-RS"}]}},"_links":{"self":[{"href":"https:\/\/www.headstalent.com\/sr\/wp-json\/wp\/v2\/pages\/8037","targetHints":{"allow":["GET"]}}],"collection":[{"href":"https:\/\/www.headstalent.com\/sr\/wp-json\/wp\/v2\/pages"}],"about":[{"href":"https:\/\/www.headstalent.com\/sr\/wp-json\/wp\/v2\/types\/page"}],"author":[{"embeddable":true,"href":"https:\/\/www.headstalent.com\/sr\/wp-json\/wp\/v2\/users\/1"}],"replies":[{"embeddable":true,"href":"https:\/\/www.headstalent.com\/sr\/wp-json\/wp\/v2\/comments?post=8037"}],"version-history":[{"count":3,"href":"https:\/\/www.headstalent.com\/sr\/wp-json\/wp\/v2\/pages\/8037\/revisions"}],"predecessor-version":[{"id":8514,"href":"https:\/\/www.headstalent.com\/sr\/wp-json\/wp\/v2\/pages\/8037\/revisions\/8514"}],"wp:featuredmedia":[{"embeddable":true,"href":"https:\/\/www.headstalent.com\/sr\/wp-json\/wp\/v2\/media\/7371"}],"wp:attachment":[{"href":"https:\/\/www.headstalent.com\/sr\/wp-json\/wp\/v2\/media?parent=8037"}],"curies":[{"name":"wp","href":"https:\/\/api.w.org\/{rel}","templated":true}]}}