{"id":8217,"date":"2022-11-16T12:24:52","date_gmt":"2022-11-16T12:24:52","guid":{"rendered":"https:\/\/www.headstalent.com\/blog\/"},"modified":"2024-12-26T00:48:08","modified_gmt":"2024-12-26T00:48:08","slug":"blog-ljudski-resursi","status":"publish","type":"page","link":"https:\/\/www.headstalent.com\/sr\/blog-ljudski-resursi\/","title":{"rendered":"Blog"},"content":{"rendered":"[vc_row type=&#8220;full_width_background&#8220; full_screen_row_position=&#8220;middle&#8220; column_margin=&#8220;default&#8220; column_direction=&#8220;default&#8220; column_direction_tablet=&#8220;default&#8220; column_direction_phone=&#8220;default&#8220; bg_image=&#8220;6024&#8243; bg_position=&#8220;center center&#8220; background_image_loading=&#8220;default&#8220; bg_repeat=&#8220;no-repeat&#8220; scene_position=&#8220;center&#8220; top_padding=&#8220;10%&#8220; bottom_padding=&#8220;7%&#8220; text_color=&#8220;custom&#8220; custom_text_color=&#8220;#ffffff&#8220; text_align=&#8220;left&#8220; row_border_radius=&#8220;none&#8220; row_border_radius_applies=&#8220;bg&#8220; overflow=&#8220;visible&#8220; class=&#8220;h70vh&#8220; enable_gradient=&#8220;true&#8220; color_overlay=&#8220;#000000&#8243; color_overlay_2=&#8220;#000000&#8243; overlay_strength=&#8220;0.3&#8243; gradient_direction=&#8220;left_to_right&#8220; shape_divider_position=&#8220;bottom&#8220; bg_image_animation=&#8220;none&#8220; gradient_type=&#8220;default&#8220; shape_type=&#8220;&#8220;][vc_column column_padding=&#8220;no-extra-padding&#8220; column_padding_tablet=&#8220;inherit&#8220; column_padding_phone=&#8220;inherit&#8220; column_padding_position=&#8220;all&#8220; column_element_direction_desktop=&#8220;default&#8220; column_element_spacing=&#8220;default&#8220; desktop_text_alignment=&#8220;default&#8220; tablet_text_alignment=&#8220;default&#8220; phone_text_alignment=&#8220;default&#8220; background_color_opacity=&#8220;1&#8243; background_hover_color_opacity=&#8220;1&#8243; column_backdrop_filter=&#8220;none&#8220; column_shadow=&#8220;none&#8220; column_border_radius=&#8220;none&#8220; column_link_target=&#8220;_self&#8220; column_position=&#8220;default&#8220; gradient_direction=&#8220;left_to_right&#8220; overlay_strength=&#8220;0.3&#8243; width=&#8220;1\/1&#8243; tablet_width_inherit=&#8220;default&#8220; animation_type=&#8220;default&#8220; bg_image_animation=&#8220;none&#8220; border_type=&#8220;simple&#8220; column_border_width=&#8220;none&#8220; column_border_style=&#8220;solid&#8220; column_padding_type=&#8220;default&#8220; gradient_type=&#8220;default&#8220;][vc_column_text]\n<h1>Blog<\/h1>\n[\/vc_column_text][divider line_type=&#8220;No Line&#8220; custom_height=&#8220;40&#8243;][vc_column_text]Mi u Heads-u smo strastveno fokusirani na pru\u017eanje sve\u017eih uvida u razli\u010dite aspekte HR industrije demistifikujuc\u0301i kli\u0161ee i dajuc\u0301i novu perspektivu na najva\u017enije teme i trendove.[\/vc_column_text][\/vc_column][\/vc_row][vc_row type=&#8220;in_container&#8220; full_screen_row_position=&#8220;middle&#8220; column_margin=&#8220;default&#8220; column_direction=&#8220;default&#8220; column_direction_tablet=&#8220;default&#8220; column_direction_phone=&#8220;default&#8220; scene_position=&#8220;center&#8220; top_margin=&#8220;40&#8243; text_color=&#8220;dark&#8220; text_align=&#8220;left&#8220; row_border_radius=&#8220;none&#8220; row_border_radius_applies=&#8220;bg&#8220; overflow=&#8220;visible&#8220; overlay_strength=&#8220;0.3&#8243; gradient_direction=&#8220;left_to_right&#8220; shape_divider_position=&#8220;bottom&#8220; bg_image_animation=&#8220;none&#8220; gradient_type=&#8220;default&#8220; shape_type=&#8220;&#8220;][vc_column column_padding=&#8220;no-extra-padding&#8220; column_padding_tablet=&#8220;inherit&#8220; column_padding_phone=&#8220;inherit&#8220; column_padding_position=&#8220;all&#8220; column_element_direction_desktop=&#8220;default&#8220; column_element_spacing=&#8220;default&#8220; desktop_text_alignment=&#8220;default&#8220; tablet_text_alignment=&#8220;default&#8220; phone_text_alignment=&#8220;default&#8220; background_color_opacity=&#8220;1&#8243; background_hover_color_opacity=&#8220;1&#8243; column_backdrop_filter=&#8220;none&#8220; column_shadow=&#8220;none&#8220; column_border_radius=&#8220;none&#8220; column_link_target=&#8220;_self&#8220; column_position=&#8220;default&#8220; gradient_direction=&#8220;left_to_right&#8220; overlay_strength=&#8220;0.3&#8243; width=&#8220;1\/1&#8243; tablet_width_inherit=&#8220;default&#8220; animation_type=&#8220;default&#8220; bg_image_animation=&#8220;none&#8220; border_type=&#8220;simple&#8220; column_border_width=&#8220;none&#8220; column_border_style=&#8220;solid&#8220;][nectar_post_grid post_type=&#8220;post&#8220; blog_category=&#8220;uncategorized&#8220; order=&#8220;DESC&#8220; orderby=&#8220;date&#8220; pagination=&#8220;load-more&#8220; button_color=&#8220;black&#8220; columns=&#8220;3&#8243; grid_item_spacing=&#8220;25px&#8220; grid_item_height=&#8220;30vh&#8220; image_size=&#8220;large&#8220; image_loading=&#8220;default&#8220; animation=&#8220;none&#8220; heading_tag=&#8220;h4&#8243; enable_indicator=&#8220;yes&#8220; mouse_indicator_style=&#8220;default&#8220; mouse_indicator_text=&#8220;view&#8220; mouse_indicator_color=&#8220;#000000&#8243; category_position=&#8220;default&#8220; display_date=&#8220;yes&#8220; display_excerpt=&#8220;yes&#8220; grid_style=&#8220;content_under_image&#8220; content_under_image_text_align=&#8220;left&#8220; text_color=&#8220;dark&#8220; hover_effect=&#8220;zoom&#8220; border_radius=&#8220;3px&#8220; posts_per_page=&#8220;9&#8243; custom_font_size=&#8220;28px&#8220;][\/vc_column][\/vc_row][vc_row type=&#8220;in_container&#8220; full_screen_row_position=&#8220;middle&#8220; column_margin=&#8220;default&#8220; column_direction=&#8220;default&#8220; column_direction_tablet=&#8220;default&#8220; column_direction_phone=&#8220;default&#8220; scene_position=&#8220;center&#8220; text_color=&#8220;dark&#8220; text_align=&#8220;left&#8220; row_border_radius=&#8220;none&#8220; row_border_radius_applies=&#8220;bg&#8220; overflow=&#8220;visible&#8220; disable_element=&#8220;yes&#8220; overlay_strength=&#8220;0.3&#8243; gradient_direction=&#8220;left_to_right&#8220; shape_divider_position=&#8220;bottom&#8220; bg_image_animation=&#8220;none&#8220; gradient_type=&#8220;default&#8220; shape_type=&#8220;&#8220;][vc_column column_padding=&#8220;no-extra-padding&#8220; column_padding_tablet=&#8220;inherit&#8220; column_padding_phone=&#8220;inherit&#8220; column_padding_position=&#8220;all&#8220; column_element_direction_desktop=&#8220;default&#8220; column_element_spacing=&#8220;default&#8220; desktop_text_alignment=&#8220;default&#8220; tablet_text_alignment=&#8220;default&#8220; phone_text_alignment=&#8220;default&#8220; background_color_opacity=&#8220;1&#8243; background_hover_color_opacity=&#8220;1&#8243; column_backdrop_filter=&#8220;none&#8220; column_shadow=&#8220;none&#8220; column_border_radius=&#8220;none&#8220; column_link_target=&#8220;_self&#8220; column_position=&#8220;default&#8220; gradient_direction=&#8220;left_to_right&#8220; overlay_strength=&#8220;0.3&#8243; width=&#8220;1\/1&#8243; tablet_width_inherit=&#8220;default&#8220; animation_type=&#8220;default&#8220; bg_image_animation=&#8220;none&#8220; border_type=&#8220;simple&#8220; column_border_width=&#8220;none&#8220; column_border_style=&#8220;solid&#8220;][nectar_global_section id=&#8220;6377&#8243;][\/vc_column][\/vc_row]\n","protected":false},"excerpt":{"rendered":"<p>[vc_row type=&#8220;full_width_background&#8220; full_screen_row_position=&#8220;middle&#8220; column_margin=&#8220;default&#8220; column_direction=&#8220;default&#8220; column_direction_tablet=&#8220;default&#8220; column_direction_phone=&#8220;default&#8220; bg_image=&#8220;6024&#8243; bg_position=&#8220;center center&#8220; background_image_loading=&#8220;default&#8220; bg_repeat=&#8220;no-repeat&#8220; scene_position=&#8220;center&#8220; top_padding=&#8220;10%&#8220; bottom_padding=&#8220;7%&#8220; text_color=&#8220;custom&#8220; custom_text_color=&#8220;#ffffff&#8220; text_align=&#8220;left&#8220; row_border_radius=&#8220;none&#8220; row_border_radius_applies=&#8220;bg&#8220; overflow=&#8220;visible&#8220; class=&#8220;h70vh&#8220; enable_gradient=&#8220;true&#8220; color_overlay=&#8220;#000000&#8243; color_overlay_2=&#8220;#000000&#8243; overlay_strength=&#8220;0.3&#8243; gradient_direction=&#8220;left_to_right&#8220; shape_divider_position=&#8220;bottom&#8220; bg_image_animation=&#8220;none&#8220; gradient_type=&#8220;default&#8220;&#8230;<\/p>\n","protected":false},"author":1,"featured_media":0,"parent":0,"menu_order":0,"comment_status":"closed","ping_status":"closed","template":"","meta":{"slim_seo":{"title":"Najnovije teme iz oblasti ljudskih resursa | HTS","description":"Pru\u017eamo uvide u razli\u010dite aspekte HR industrije demistifikujuc\u0301i kli\u0161ee i pru\u017eaju\u0107i novu perspektivu o klju\u010dnim temama i trendovima u oblasti ljudskih resursa."},"footnotes":""},"class_list":["post-8217","page","type-page","status-publish"],"yoast_head":"<!-- This site is optimized with the Yoast SEO plugin v26.8 - https:\/\/yoast.com\/product\/yoast-seo-wordpress\/ -->\n<title>Blog - Heads - Talent solutions<\/title>\n<meta name=\"robots\" content=\"index, follow, max-snippet:-1, max-image-preview:large, max-video-preview:-1\" \/>\n<link rel=\"canonical\" href=\"https:\/\/www.headstalent.com\/sr\/blog-ljudski-resursi\/\" \/>\n<meta property=\"og:locale\" content=\"sr_RS\" \/>\n<meta property=\"og:type\" content=\"article\" \/>\n<meta property=\"og:title\" content=\"Blog - Heads - Talent solutions\" \/>\n<meta property=\"og:description\" content=\"[vc_row type=&#8220;full_width_background&#8220; full_screen_row_position=&#8220;middle&#8220; column_margin=&#8220;default&#8220; column_direction=&#8220;default&#8220; column_direction_tablet=&#8220;default&#8220; column_direction_phone=&#8220;default&#8220; bg_image=&#8220;6024&#8243; bg_position=&#8220;center center&#8220; background_image_loading=&#8220;default&#8220; bg_repeat=&#8220;no-repeat&#8220; scene_position=&#8220;center&#8220; top_padding=&#8220;10%&#8220; bottom_padding=&#8220;7%&#8220; text_color=&#8220;custom&#8220; custom_text_color=&#8220;#ffffff&#8220; text_align=&#8220;left&#8220; row_border_radius=&#8220;none&#8220; row_border_radius_applies=&#8220;bg&#8220; overflow=&#8220;visible&#8220; class=&#8220;h70vh&#8220; enable_gradient=&#8220;true&#8220; color_overlay=&#8220;#000000&#8243; color_overlay_2=&#8220;#000000&#8243; overlay_strength=&#8220;0.3&#8243; gradient_direction=&#8220;left_to_right&#8220; shape_divider_position=&#8220;bottom&#8220; bg_image_animation=&#8220;none&#8220; gradient_type=&#8220;default&#8220;...\" \/>\n<meta property=\"og:url\" content=\"https:\/\/www.headstalent.com\/sr\/blog-ljudski-resursi\/\" \/>\n<meta property=\"og:site_name\" content=\"Heads - Talent solutions\" \/>\n<meta property=\"article:modified_time\" content=\"2024-12-26T00:48:08+00:00\" \/>\n<meta name=\"twitter:card\" content=\"summary_large_image\" \/>\n<meta name=\"twitter:label1\" content=\"\u041f\u0440\u043e\u0446\u0435\u045a\u0435\u043d\u043e \u0432\u0440\u0435\u043c\u0435 \u0447\u0438\u0442\u0430\u045a\u0430\" \/>\n\t<meta name=\"twitter:data1\" content=\"3 \u043c\u0438\u043d\u0443\u0442\u0430\" \/>\n<script type=\"application\/ld+json\" class=\"yoast-schema-graph\">{\"@context\":\"https:\/\/schema.org\",\"@graph\":[{\"@type\":\"WebPage\",\"@id\":\"https:\/\/www.headstalent.com\/sr\/blog-ljudski-resursi\/\",\"url\":\"https:\/\/www.headstalent.com\/sr\/blog-ljudski-resursi\/\",\"name\":\"Blog - Heads - Talent solutions\",\"isPartOf\":{\"@id\":\"https:\/\/www.headstalent.com\/sr\/#website\"},\"datePublished\":\"2022-11-16T12:24:52+00:00\",\"dateModified\":\"2024-12-26T00:48:08+00:00\",\"breadcrumb\":{\"@id\":\"https:\/\/www.headstalent.com\/sr\/blog-ljudski-resursi\/#breadcrumb\"},\"inLanguage\":\"sr-RS\",\"potentialAction\":[{\"@type\":\"ReadAction\",\"target\":[\"https:\/\/www.headstalent.com\/sr\/blog-ljudski-resursi\/\"]}]},{\"@type\":\"BreadcrumbList\",\"@id\":\"https:\/\/www.headstalent.com\/sr\/blog-ljudski-resursi\/#breadcrumb\",\"itemListElement\":[{\"@type\":\"ListItem\",\"position\":1,\"name\":\"Home\",\"item\":\"https:\/\/www.headstalent.com\/sr\/\"},{\"@type\":\"ListItem\",\"position\":2,\"name\":\"Blog\"}]},{\"@type\":\"WebSite\",\"@id\":\"https:\/\/www.headstalent.com\/sr\/#website\",\"url\":\"https:\/\/www.headstalent.com\/sr\/\",\"name\":\"Heads - Talent solutions\",\"description\":\"\",\"potentialAction\":[{\"@type\":\"SearchAction\",\"target\":{\"@type\":\"EntryPoint\",\"urlTemplate\":\"https:\/\/www.headstalent.com\/sr\/?s={search_term_string}\"},\"query-input\":{\"@type\":\"PropertyValueSpecification\",\"valueRequired\":true,\"valueName\":\"search_term_string\"}}],\"inLanguage\":\"sr-RS\"}]}<\/script>\n<!-- \/ Yoast SEO plugin. -->","yoast_head_json":{"title":"Blog - Heads - Talent solutions","robots":{"index":"index","follow":"follow","max-snippet":"max-snippet:-1","max-image-preview":"max-image-preview:large","max-video-preview":"max-video-preview:-1"},"canonical":"https:\/\/www.headstalent.com\/sr\/blog-ljudski-resursi\/","og_locale":"sr_RS","og_type":"article","og_title":"Blog - Heads - Talent solutions","og_description":"[vc_row type=&#8220;full_width_background&#8220; full_screen_row_position=&#8220;middle&#8220; column_margin=&#8220;default&#8220; column_direction=&#8220;default&#8220; column_direction_tablet=&#8220;default&#8220; column_direction_phone=&#8220;default&#8220; bg_image=&#8220;6024&#8243; bg_position=&#8220;center center&#8220; background_image_loading=&#8220;default&#8220; bg_repeat=&#8220;no-repeat&#8220; scene_position=&#8220;center&#8220; top_padding=&#8220;10%&#8220; bottom_padding=&#8220;7%&#8220; text_color=&#8220;custom&#8220; custom_text_color=&#8220;#ffffff&#8220; text_align=&#8220;left&#8220; row_border_radius=&#8220;none&#8220; row_border_radius_applies=&#8220;bg&#8220; overflow=&#8220;visible&#8220; class=&#8220;h70vh&#8220; enable_gradient=&#8220;true&#8220; color_overlay=&#8220;#000000&#8243; color_overlay_2=&#8220;#000000&#8243; overlay_strength=&#8220;0.3&#8243; gradient_direction=&#8220;left_to_right&#8220; shape_divider_position=&#8220;bottom&#8220; bg_image_animation=&#8220;none&#8220; gradient_type=&#8220;default&#8220;...","og_url":"https:\/\/www.headstalent.com\/sr\/blog-ljudski-resursi\/","og_site_name":"Heads - Talent solutions","article_modified_time":"2024-12-26T00:48:08+00:00","twitter_card":"summary_large_image","twitter_misc":{"\u041f\u0440\u043e\u0446\u0435\u045a\u0435\u043d\u043e \u0432\u0440\u0435\u043c\u0435 \u0447\u0438\u0442\u0430\u045a\u0430":"3 \u043c\u0438\u043d\u0443\u0442\u0430"},"schema":{"@context":"https:\/\/schema.org","@graph":[{"@type":"WebPage","@id":"https:\/\/www.headstalent.com\/sr\/blog-ljudski-resursi\/","url":"https:\/\/www.headstalent.com\/sr\/blog-ljudski-resursi\/","name":"Blog - Heads - Talent solutions","isPartOf":{"@id":"https:\/\/www.headstalent.com\/sr\/#website"},"datePublished":"2022-11-16T12:24:52+00:00","dateModified":"2024-12-26T00:48:08+00:00","breadcrumb":{"@id":"https:\/\/www.headstalent.com\/sr\/blog-ljudski-resursi\/#breadcrumb"},"inLanguage":"sr-RS","potentialAction":[{"@type":"ReadAction","target":["https:\/\/www.headstalent.com\/sr\/blog-ljudski-resursi\/"]}]},{"@type":"BreadcrumbList","@id":"https:\/\/www.headstalent.com\/sr\/blog-ljudski-resursi\/#breadcrumb","itemListElement":[{"@type":"ListItem","position":1,"name":"Home","item":"https:\/\/www.headstalent.com\/sr\/"},{"@type":"ListItem","position":2,"name":"Blog"}]},{"@type":"WebSite","@id":"https:\/\/www.headstalent.com\/sr\/#website","url":"https:\/\/www.headstalent.com\/sr\/","name":"Heads - Talent solutions","description":"","potentialAction":[{"@type":"SearchAction","target":{"@type":"EntryPoint","urlTemplate":"https:\/\/www.headstalent.com\/sr\/?s={search_term_string}"},"query-input":{"@type":"PropertyValueSpecification","valueRequired":true,"valueName":"search_term_string"}}],"inLanguage":"sr-RS"}]}},"_links":{"self":[{"href":"https:\/\/www.headstalent.com\/sr\/wp-json\/wp\/v2\/pages\/8217","targetHints":{"allow":["GET"]}}],"collection":[{"href":"https:\/\/www.headstalent.com\/sr\/wp-json\/wp\/v2\/pages"}],"about":[{"href":"https:\/\/www.headstalent.com\/sr\/wp-json\/wp\/v2\/types\/page"}],"author":[{"embeddable":true,"href":"https:\/\/www.headstalent.com\/sr\/wp-json\/wp\/v2\/users\/1"}],"replies":[{"embeddable":true,"href":"https:\/\/www.headstalent.com\/sr\/wp-json\/wp\/v2\/comments?post=8217"}],"version-history":[{"count":3,"href":"https:\/\/www.headstalent.com\/sr\/wp-json\/wp\/v2\/pages\/8217\/revisions"}],"predecessor-version":[{"id":8506,"href":"https:\/\/www.headstalent.com\/sr\/wp-json\/wp\/v2\/pages\/8217\/revisions\/8506"}],"wp:attachment":[{"href":"https:\/\/www.headstalent.com\/sr\/wp-json\/wp\/v2\/media?parent=8217"}],"curies":[{"name":"wp","href":"https:\/\/api.w.org\/{rel}","templated":true}]}}